{"id":819,"date":"2023-08-02T06:49:35","date_gmt":"2023-08-02T04:49:35","guid":{"rendered":"https:\/\/tool.e-active.eu\/privacy-policy\/"},"modified":"2023-09-22T12:05:32","modified_gmt":"2023-09-22T10:05:32","slug":"privacy-policy","status":"publish","type":"page","link":"https:\/\/tool.e-active.eu\/pl\/privacy-policy\/","title":{"rendered":"Polityka prywatno\u015bci"},"content":{"rendered":"<div class=\"fusion-fullwidth fullwidth-box fusion-builder-row-1 fusion-flex-container has-pattern-background has-mask-background nonhundred-percent-fullwidth non-hundred-percent-height-scrolling\" style=\"--link_hover_color: var(--awb-custom_color_1);--link_color: var(--awb-color5);--awb-border-radius-top-left:0px;--awb-border-radius-top-right:0px;--awb-border-radius-bottom-right:0px;--awb-border-radius-bottom-left:0px;--awb-padding-top:3vw;--awb-padding-bottom:3vw;--awb-flex-wrap:wrap;\" ><div class=\"fusion-builder-row fusion-row fusion-flex-align-items-flex-start fusion-flex-content-wrap\" style=\"max-width:1248px;margin-left: calc(-4% \/ 2 );margin-right: calc(-4% \/ 2 );\"><div class=\"fusion-layout-column fusion_builder_column fusion-builder-column-0 fusion_builder_column_1_1 1_1 fusion-flex-column\" style=\"--awb-bg-size:cover;--awb-width-large:100%;--awb-margin-top-large:0px;--awb-spacing-right-large:1.92%;--awb-margin-bottom-large:20px;--awb-spacing-left-large:1.92%;--awb-width-medium:100%;--awb-order-medium:0;--awb-spacing-right-medium:1.92%;--awb-spacing-left-medium:1.92%;--awb-width-small:100%;--awb-order-small:0;--awb-spacing-right-small:1.92%;--awb-spacing-left-small:1.92%;\"><div class=\"fusion-column-wrapper fusion-column-has-shadow fusion-flex-justify-content-flex-start fusion-content-layout-column\"><div class=\"fusion-title title fusion-title-1 fusion-sep-none fusion-title-text fusion-title-size-one\" style=\"--awb-text-color:var(--awb-color5);\"><h1 class=\"fusion-title-heading title-heading-left fusion-responsive-typography-calculated\" style=\"margin:0;--fontSize:54;line-height:var(--awb-typography1-line-height);\">Polityka prywatno\u015bci<\/h1><\/div><div class=\"fusion-title title fusion-title-2 fusion-sep-none fusion-title-text fusion-title-size-three\"><h3 class=\"fusion-title-heading title-heading-left fusion-responsive-typography-calculated\" style=\"margin:0;--fontSize:36;line-height:var(--awb-typography1-line-height);\">Zastrze\u017cenia<\/h3><\/div><div class=\"fusion-title title fusion-title-3 fusion-sep-none fusion-title-text fusion-title-size-four\"><h4 class=\"fusion-title-heading title-heading-left fusion-responsive-typography-calculated\" style=\"margin:0;--fontSize:24;line-height:var(--awb-typography1-line-height);\">Komisja Europejska Wy\u0142\u0105czenie odpowiedzialno\u015bci<\/h4><\/div><div class=\"fusion-text fusion-text-1\"><p><span style=\"font-weight: 400;\">Wsparcie Komisji Europejskiej dla opracowania tego e-narz\u0119dzia nie stanowi poparcia dla tre\u015bci, kt\u00f3re odzwierciedlaj\u0105 jedynie pogl\u0105dy autor\u00f3w, a Komisja nie ponosi odpowiedzialno\u015bci za jakiekolwiek wykorzystanie informacji w nim zawartych.<\/span><\/p>\n<\/div><div class=\"fusion-title title fusion-title-4 fusion-sep-none fusion-title-text fusion-title-size-four\"><h4 class=\"fusion-title-heading title-heading-left fusion-responsive-typography-calculated\" style=\"margin:0;--fontSize:24;line-height:var(--awb-typography1-line-height);\">Zastrze\u017cenie konsorcjum<\/h4><\/div><div class=\"fusion-text fusion-text-2\"><p><span style=\"font-weight: 400;\">U\u017cytkownik korzysta z e-narz\u0119dzia, jego zawarto\u015bci oraz wszelkich us\u0142ug lub element\u00f3w uzyskanych za po\u015brednictwem e-narz\u0119dzia na w\u0142asne ryzyko. E-narz\u0119dzie, jego zawarto\u015b\u0107 oraz wszelkie us\u0142ugi lub elementy uzyskane za po\u015brednictwem e-narz\u0119dzia s\u0105 dostarczane &#8222;takimi jakimi s\u0105&#8221; i &#8222;w miar\u0119 dost\u0119pno\u015bci&#8221;, bez \u017cadnych gwarancji, wyra\u017anych lub dorozumianych. Ani konsorcjum, ani \u017cadna osoba zwi\u0105zana z konsorcjum nie udziela \u017cadnych gwarancji ani nie sk\u0142ada \u017cadnych o\u015bwiadcze\u0144 w odniesieniu do kompletno\u015bci, bezpiecze\u0144stwa, niezawodno\u015bci, jako\u015bci, dok\u0142adno\u015bci lub dost\u0119pno\u015bci e-narz\u0119dzia. Nie ograniczaj\u0105c tego procederu, ani konsorcjum, ani nikt z nim zwi\u0105zany nie gwarantuje, \u017ce <\/span><i><span style=\"font-weight: 400;\">(i)<\/span><\/i><span style=\"font-weight: 400;\"> e-narz\u0119dzie, jego zawarto\u015b\u0107 lub us\u0142ugi b\u0119d\u0105 dok\u0142adne, niezawodne, wolne od b\u0142\u0119d\u00f3w lub przerwane; <\/span><i><span style=\"font-weight: 400;\">(ii) <\/span><\/i><span style=\"font-weight: 400;\">wady zostan\u0105 naprawione; <\/span><i><span style=\"font-weight: 400;\">(iii)<\/span><\/i><span style=\"font-weight: 400;\"> nasza strona lub serwer, kt\u00f3ry j\u0105 udost\u0119pnia, s\u0105 wolne od wirus\u00f3w lub innych szkodliwych element\u00f3w; <\/span><i><span style=\"font-weight: 400;\">(iv)<\/span><\/i><span style=\"font-weight: 400;\"> e-narz\u0119dzie lub jakiekolwiek us\u0142ugi lub przedmioty uzyskane za po\u015brednictwem e-narz\u0119dzia spe\u0142ni\u0105 w inny spos\u00f3b potrzeby lub oczekiwania u\u017cytkownika.\u00a0<\/span><\/p>\n<p><span style=\"font-weight: 400;\">Konsorcjum niniejszym zrzeka si\u0119 wszelkich gwarancji jakiegokolwiek rodzaju, wyra\u017anych lub dorozumianych, ustawowych lub innych, w tym mi\u0119dzy innymi wszelkich gwarancji przydatno\u015bci handlowej, nienaruszalno\u015bci i przydatno\u015bci do okre\u015blonego celu.\u00a0<\/span><\/p>\n<p><span style=\"font-weight: 400;\">Powy\u017csze nie ma wp\u0142ywu na \u017cadne gwarancje, kt\u00f3rych nie mo\u017cna wy\u0142\u0105czy\u0107 lub ograniczy\u0107 zgodnie z obowi\u0105zuj\u0105cym prawem.<\/span><\/p>\n<\/div><div class=\"fusion-title title fusion-title-5 fusion-sep-none fusion-title-text fusion-title-size-three\"><h3 class=\"fusion-title-heading title-heading-left fusion-responsive-typography-calculated\" style=\"margin:0;--fontSize:36;line-height:var(--awb-typography1-line-height);\">Ograniczenie odpowiedzialno\u015bci<\/h3><\/div><div class=\"fusion-text fusion-text-3\"><p><span style=\"font-weight: 400;\">W \u017cadnym wypadku konsorcjum ani \u017cadna osoba z nim powi\u0105zana nie b\u0119dzie ponosi\u0107 odpowiedzialno\u015bci za jakiekolwiek szkody, zgodnie z jak\u0105kolwiek teori\u0105 prawn\u0105, powsta\u0142e w wyniku lub w zwi\u0105zku z u\u017cyciem lub niemo\u017cno\u015bci\u0105 u\u017cycia e-narz\u0119dzia lub jakiejkolwiek strony internetowej z nim powi\u0105zanej , wszelkie tre\u015bci lub us\u0142ugi uzyskane za po\u015brednictwem e-narz\u0119dzia, w tym wszelkie szkody bezpo\u015brednie, po\u015brednie, specjalne, przypadkowe, wynikowe lub karne, w tym mi\u0119dzy innymi obra\u017cenia cia\u0142a, b\u00f3l i cierpienie, niepok\u00f3j emocjonalny, utrat\u0119 dochod\u00f3w, utrat\u0119 zysk\u00f3w, utrat\u0119 dzia\u0142alno\u015bci lub przewidywanych oszcz\u0119dno\u015bci, utrat\u0119 mo\u017cliwo\u015bci u\u017cytkowania, utrat\u0119 warto\u015bci firmy, utrat\u0119 danych oraz to, czy s\u0105 one spowodowane czynem niedozwolonym (w tym zaniedbaniem), naruszeniem umowy lub z innego powodu, nawet je\u015bli jest to mo\u017cliwe do przewidzenia.<\/span><\/p>\n<p><span style=\"font-weight: 400;\">Powy\u017csze nie ma wp\u0142ywu na jak\u0105kolwiek odpowiedzialno\u015b\u0107, kt\u00f3rej nie mo\u017cna wy\u0142\u0105czy\u0107 ani ograniczy\u0107 na mocy obowi\u0105zuj\u0105cego prawa.<\/span><\/p>\n<\/div><div class=\"fusion-title title fusion-title-6 fusion-sep-none fusion-title-text fusion-title-size-three\"><h3 class=\"fusion-title-heading title-heading-left fusion-responsive-typography-calculated\" style=\"margin:0;--fontSize:36;line-height:var(--awb-typography1-line-height);\">Korzystanie z plik\u00f3w cookie<\/h3><\/div><div class=\"fusion-text fusion-text-4\"><p><span style=\"font-weight: 400;\">To narz\u0119dzie elektroniczne nie wykorzystuje profiluj\u0105cych plik\u00f3w cookie, a jedynie techniczne i analityczne pliki cookie, w\u0142asne i stron trzecich (takich jak Matomo Analytics). Istnieje mo\u017cliwo\u015b\u0107 ograniczenia lub wy\u0142\u0105czenia obs\u0142ugi plik\u00f3w cookies w przegl\u0105darce internetowej Twojego komputera. Jednak\u017ce niekt\u00f3re funkcje internetowe mog\u0105 sta\u0107 si\u0119 nieaktywne i niedost\u0119pne.<\/span><\/p>\n<p><span style=\"font-weight: 400;\">U\u017cywamy plik\u00f3w cookie, aby pom\u00f3c Ci w sprawnej nawigacji i wykonywaniu niekt\u00f3rych funkcji. Poni\u017cej znajdziesz szczeg\u00f3\u0142owe informacje na temat wszystkich plik\u00f3w cookie w ramach ka\u017cdej kategorii zgody.<\/span><\/p>\n<p><span style=\"font-weight: 400;\">Pliki cookie sklasyfikowane jako \u201eNiezb\u0119dne\u201d s\u0105 przechowywane w Twojej przegl\u0105darce, poniewa\u017c s\u0105 niezb\u0119dne do umo\u017cliwienia korzystania z podstawowych funkcjonalno\u015bci witryny.<\/span><\/p>\n<p><span style=\"font-weight: 400;\">U\u017cywamy r\u00f3wnie\u017c plik\u00f3w cookie stron trzecich, kt\u00f3re pomagaj\u0105 nam analizowa\u0107 spos\u00f3b korzystania z tego e-narz\u0119dzia, przechowywa\u0107 Twoje preferencje oraz dostarcza\u0107 tre\u015bci i reklamy, kt\u00f3re s\u0105 dla Ciebie istotne. Te pliki cookie b\u0119d\u0105 przechowywane w Twojej przegl\u0105darce wy\u0142\u0105cznie za Twoj\u0105 uprzedni\u0105 zgod\u0105.<\/span><\/p>\n<p><span style=\"font-weight: 400;\">Mo\u017cesz w\u0142\u0105czy\u0107 lub wy\u0142\u0105czy\u0107 niekt\u00f3re lub wszystkie pliki cookie, ale wy\u0142\u0105czenie niekt\u00f3rych z nich mo\u017ce mie\u0107 wp\u0142yw na wygod\u0119 przegl\u0105dania.<\/span><\/p>\n<\/div>\n<div class=\"table-1\" style=\"--awb-margin-bottom:2%;\">\n<table width=\"100%\">\n<thead>\n<tr>\n<th align=\"left\"><b>Domena<\/b><\/th>\n<th align=\"left\"><strong>Cookie<\/strong><\/th>\n<th align=\"left\"><b>Nazwa<\/b><\/th>\n<th align=\"left\"><b>Cel<\/b><\/th>\n<\/tr>\n<\/thead>\n<tbody>\n<tr>\n<td align=\"left\">tool.e-active.eu<\/td>\n<td align=\"left\">eActive tool<\/td>\n<td align=\"left\">_icl_current_language<\/td>\n<td align=\"left\"><span style=\"font-weight: 400;\">Umo\u017cliwia zapisywanie ustawie\u0144 j\u0119zyka.<\/span><\/td>\n<\/tr>\n<tr>\n<td align=\"left\">tool.e-active.eu<\/td>\n<td align=\"left\">eActive tool<\/td>\n<td align=\"left\">w3tc_logged_out<\/td>\n<td align=\"left\"><span style=\"font-weight: 400;\">Zawiera informacje o sesji.<\/span><\/td>\n<\/tr>\n<tr>\n<td align=\"left\">tool.e-active.eu<\/td>\n<td align=\"left\">CookiesYes<\/td>\n<td align=\"left\">cookieyes-consent<\/td>\n<td align=\"left\"><span style=\"font-weight: 400;\">CookieYes ustawia ten plik cookie, aby zapami\u0119ta\u0107 preferencje zgody u\u017cytkownik\u00f3w, aby ich preferencje by\u0142y respektowane podczas kolejnych wizyt na tej stronie. Nie gromadzi ani nie przechowuje \u017cadnych danych osobowych o odwiedzaj\u0105cych witryn\u0119.<\/span><\/td>\n<\/tr>\n<tr>\n<td align=\"left\">tool.e-active.eu<\/td>\n<td align=\"left\">Matomo Analytics<\/td>\n<td align=\"left\">_pk_id.*<\/td>\n<td align=\"left\"><span style=\"font-weight: 400;\">Matomo ustawia ten plik cookie tak, aby przechowywa\u0142 unikalny identyfikator u\u017cytkownika.<\/span><\/td>\n<\/tr>\n<tr>\n<td align=\"left\">tool.e-active.eu<\/td>\n<td align=\"left\">Matomo Analytics<\/td>\n<td align=\"left\">_pk_ses.*<\/td>\n<td align=\"left\"><span style=\"font-weight: 400;\">Matomo ustawia ten plik cookie tak, aby przechowywa\u0142 unikalny identyfikator sesji w celu gromadzenia informacji o tym, w jaki spos\u00f3b u\u017cytkownicy korzystaj\u0105 ze strony internetowej.<\/span><\/td>\n<\/tr>\n<\/tbody>\n<\/table>\n<\/div>\n<div class=\"fusion-title title fusion-title-7 fusion-sep-none fusion-title-text fusion-title-size-three\"><h3 class=\"fusion-title-heading title-heading-left fusion-responsive-typography-calculated\" style=\"margin:0;--fontSize:36;line-height:var(--awb-typography1-line-height);\">Zawarto\u015b\u0107<\/h3><\/div><div class=\"fusion-text fusion-text-5\"><p><span style=\"font-weight: 400;\">Narz\u0119dzie eActive stara si\u0119 oferowa\u0107 dok\u0142adne i aktualne tre\u015bci. Czekamy jednak na opinie, kt\u00f3re umo\u017cliwiaj\u0105 nam poprawienie wszelkich b\u0142\u0119d\u00f3w (przes\u0142anie opinii do <\/span><a href=\"mailto:info@tool.e-active.eu\"><span style=\"color: var(--awb-text-color); font-family: var(--awb-text-font-family); font-size: var(--awb-font-size); font-style: var(--awb-text-font-style); font-weight: var(--awb-text-font-weight); letter-spacing: var(--awb-letter-spacing); text-align: var(--awb-content-alignment); text-transform: var(--awb-text-transform); background-color: var(--awb-bg-color-hover);\">info@tool.e-active.eu<\/span><\/a><span style=\"color: var(--awb-text-color); font-family: var(--awb-text-font-family); font-size: var(--awb-font-size); font-style: var(--awb-text-font-style); letter-spacing: var(--awb-letter-spacing); text-align: var(--awb-content-alignment); text-transform: var(--awb-text-transform); background-color: var(--awb-bg-color-hover);\">).<\/span><\/p>\n<\/div><div class=\"fusion-title title fusion-title-8 fusion-sep-none fusion-title-text fusion-title-size-three\"><h3 class=\"fusion-title-heading title-heading-left fusion-responsive-typography-calculated\" style=\"margin:0;--fontSize:36;line-height:var(--awb-typography1-line-height);\">Linki<\/h3><\/div><div class=\"fusion-text fusion-text-6\"><p><span style=\"font-weight: 400;\">Narz\u0119dzie eActive nie ponosi odpowiedzialno\u015bci za tre\u015b\u0107 ani wiarygodno\u015b\u0107 powi\u0105zanych stron internetowych i niekoniecznie popiera pogl\u0105dy wyra\u017cone na nich. Umieszczenie w wykazie nie jest traktowane jako jakiekolwiek poparcie. Nie mo\u017cemy zagwarantowa\u0107, \u017ce te linki b\u0119d\u0105 dzia\u0142a\u0107 przez ca\u0142y czas i nie mamy kontroli nad dost\u0119pno\u015bci\u0105 powi\u0105zanych stron.<\/span><\/p>\n<\/div><div class=\"fusion-title title fusion-title-9 fusion-sep-none fusion-title-text fusion-title-size-three\"><h3 class=\"fusion-title-heading title-heading-left fusion-responsive-typography-calculated\" style=\"margin:0;--fontSize:36;line-height:var(--awb-typography1-line-height);\">Prawo autorskie<\/h3><\/div><div class=\"fusion-text fusion-text-7\"><p><span style=\"font-weight: 400;\">Poszczeg\u00f3lne dokumenty w tym e-narz\u0119dziu podlegaj\u0105 r\u00f3\u017cnym ograniczeniom praw autorskich. Wszystkie rezultaty pracy intelektualnej (materia\u0142y) eActive wytworzone w ramach projektu s\u0105 zgodne z umow\u0105 o udzielenie dotacji, zgodnie z kt\u00f3r\u0105 materia\u0142y musz\u0105 by\u0107 udost\u0119pniane bezp\u0142atnie i na otwartych licencjach. Wszystkie te materia\u0142y b\u0119d\u0105 dost\u0119pne w ramach projektu na platformie rezultat\u00f3w projektu Erasmus+ (<\/span><a href=\"http:\/\/ec.europa.eu\/programmes\/erasmusplus\/projects\/\"><span style=\"font-weight: 400;\">http:\/\/ec.europa.eu\/programmes\/erasmusplus\/projects\/<\/span><\/a><span style=\"font-weight: 400;\">), <\/span><span style=\"font-weight: 400;\">zgodnie z zatwierdzeniem raportu ko\u0144cowego.<\/span><\/p>\n<\/div><\/div><\/div><\/div><\/div>\n","protected":false},"excerpt":{"rendered":"","protected":false},"author":1,"featured_media":0,"parent":0,"menu_order":0,"comment_status":"closed","ping_status":"closed","template":"100-width.php","meta":{"footnotes":""},"class_list":["post-819","page","type-page","status-publish","hentry"],"_links":{"self":[{"href":"https:\/\/tool.e-active.eu\/pl\/wp-json\/wp\/v2\/pages\/819","targetHints":{"allow":["GET"]}}],"collection":[{"href":"https:\/\/tool.e-active.eu\/pl\/wp-json\/wp\/v2\/pages"}],"about":[{"href":"https:\/\/tool.e-active.eu\/pl\/wp-json\/wp\/v2\/types\/page"}],"author":[{"embeddable":true,"href":"https:\/\/tool.e-active.eu\/pl\/wp-json\/wp\/v2\/users\/1"}],"replies":[{"embeddable":true,"href":"https:\/\/tool.e-active.eu\/pl\/wp-json\/wp\/v2\/comments?post=819"}],"version-history":[{"count":2,"href":"https:\/\/tool.e-active.eu\/pl\/wp-json\/wp\/v2\/pages\/819\/revisions"}],"predecessor-version":[{"id":821,"href":"https:\/\/tool.e-active.eu\/pl\/wp-json\/wp\/v2\/pages\/819\/revisions\/821"}],"wp:attachment":[{"href":"https:\/\/tool.e-active.eu\/pl\/wp-json\/wp\/v2\/media?parent=819"}],"curies":[{"name":"wp","href":"https:\/\/api.w.org\/{rel}","templated":true}]}}