{"id":788,"date":"2023-08-02T06:49:35","date_gmt":"2023-08-02T04:49:35","guid":{"rendered":"https:\/\/tool.e-active.eu\/privacy-policy\/"},"modified":"2023-09-18T15:27:12","modified_gmt":"2023-09-18T13:27:12","slug":"privacy-policy","status":"publish","type":"page","link":"https:\/\/tool.e-active.eu\/it\/privacy-policy\/","title":{"rendered":"Privacy Policy"},"content":{"rendered":"<div class=\"fusion-fullwidth fullwidth-box fusion-builder-row-1 fusion-flex-container has-pattern-background has-mask-background nonhundred-percent-fullwidth non-hundred-percent-height-scrolling\" style=\"--link_hover_color: var(--awb-custom_color_1);--link_color: var(--awb-color5);--awb-border-radius-top-left:0px;--awb-border-radius-top-right:0px;--awb-border-radius-bottom-right:0px;--awb-border-radius-bottom-left:0px;--awb-padding-top:3vw;--awb-padding-bottom:3vw;--awb-flex-wrap:wrap;\" ><div class=\"fusion-builder-row fusion-row fusion-flex-align-items-flex-start fusion-flex-content-wrap\" style=\"max-width:1248px;margin-left: calc(-4% \/ 2 );margin-right: calc(-4% \/ 2 );\"><div class=\"fusion-layout-column fusion_builder_column fusion-builder-column-0 fusion_builder_column_1_1 1_1 fusion-flex-column\" style=\"--awb-bg-size:cover;--awb-width-large:100%;--awb-margin-top-large:0px;--awb-spacing-right-large:1.92%;--awb-margin-bottom-large:20px;--awb-spacing-left-large:1.92%;--awb-width-medium:100%;--awb-order-medium:0;--awb-spacing-right-medium:1.92%;--awb-spacing-left-medium:1.92%;--awb-width-small:100%;--awb-order-small:0;--awb-spacing-right-small:1.92%;--awb-spacing-left-small:1.92%;\"><div class=\"fusion-column-wrapper fusion-column-has-shadow fusion-flex-justify-content-flex-start fusion-content-layout-column\"><div class=\"fusion-title title fusion-title-1 fusion-sep-none fusion-title-text fusion-title-size-one\" style=\"--awb-text-color:var(--awb-color5);\"><h1 class=\"fusion-title-heading title-heading-left\" style=\"margin:0;\">Privacy Policy<\/h1><\/div><div class=\"fusion-title title fusion-title-2 fusion-sep-none fusion-title-text fusion-title-size-three\"><h3 class=\"fusion-title-heading title-heading-left\" style=\"margin:0;\">Esclusioni di responsabilit\u00e0<\/h3><\/div><div class=\"fusion-title title fusion-title-3 fusion-sep-none fusion-title-text fusion-title-size-four\"><h4 class=\"fusion-title-heading title-heading-left\" style=\"margin:0;\">Esclusione di responsabilit\u00e0 della Commissione europea<\/h4><\/div><div class=\"fusion-text fusion-text-1\"><p><span style=\"font-weight: 400;\">Il supporto della Commissione europea per la produzione di questo e-tool non costituisce un&#8217;approvazione dei contenuti, che riflettono solo il punto di vista degli autori, e la Commissione non pu\u00f2 essere ritenuta responsabile per qualsiasi uso che possa essere fatto delle informazioni in esso contenute. <\/span><\/p>\n<\/div><div class=\"fusion-title title fusion-title-4 fusion-sep-none fusion-title-text fusion-title-size-four\"><h4 class=\"fusion-title-heading title-heading-left\" style=\"margin:0;\">Consorzio Disclaimer<\/h4><\/div><div class=\"fusion-text fusion-text-2\"><p><span style=\"font-weight: 400;\">L&#8217;utilizzo dell&#8217;e-tool, dei suoi contenuti e di qualsiasi servizio o articolo ottenuto tramite l&#8217;e-tool \u00e8 a rischio dell&#8217;utente. L&#8217;e-tool, il suo contenuto e qualsiasi servizio o articolo ottenuto tramite l&#8217;e-tool sono forniti &#8220;cos\u00ec come sono&#8221; e &#8220;come disponibili&#8221;, senza garanzie di alcun tipo, sia espresse che implicite. N\u00e9 il consorzio n\u00e9 alcuna persona associata al consorzio fornisce alcuna garanzia o dichiarazione in merito alla completezza, alla sicurezza, all&#8217;affidabilit\u00e0, alla qualit\u00e0, all&#8217;accuratezza o alla disponibilit\u00e0 dell&#8217;e-tool. Senza limitare quanto sopra, n\u00e9 il consorzio n\u00e9 alcuna persona ad esso associata garantisce che <\/span><i><span style=\"font-weight: 400;\">(i) <\/span><\/i><span style=\"font-weight: 400;\">l&#8217;e-tool, il suo contenuto o i suoi servizi saranno accurati, affidabili, privi di errori o interrotti; <\/span><i><span style=\"font-weight: 400;\">(ii) i <\/span><\/i><span style=\"font-weight: 400;\">difetti saranno corretti; <\/span><i><span style=\"font-weight: 400;\">(iii) il <\/span><\/i><span style=\"font-weight: 400;\">nostro sito o il server che lo rende disponibile sono privi di virus o altri componenti dannosi; <\/span><i><span style=\"font-weight: 400;\">(iv)<\/span><\/i><span style=\"font-weight: 400;\">l&#8217;e-tool o qualsiasi servizio o articolo ottenuto tramite l&#8217;e-tool soddisferanno le vostre esigenze o aspettative.<\/span><\/p>\n<p><span style=\"font-weight: 400;\">Con la presente, il consorzio declina tutte le garanzie di qualsiasi tipo, espresse o implicite, legali o di altro tipo, incluse, a titolo esemplificativo, le garanzie di commerciabilit\u00e0, non violazione e idoneit\u00e0 a scopi particolari.<\/span><\/p>\n<p><span style=\"font-weight: 400;\">Quanto sopra non influisce su eventuali garanzie che non possono essere escluse o limitate ai sensi della legge applicabile.<\/span><\/p>\n<\/div><div class=\"fusion-title title fusion-title-5 fusion-sep-none fusion-title-text fusion-title-size-three\"><h3 class=\"fusion-title-heading title-heading-left\" style=\"margin:0;\">Limitazione di responsabilit\u00e0<\/h3><\/div><div class=\"fusion-text fusion-text-3\"><p><span style=\"font-weight: 400;\">In nessun caso il consorzio o qualsiasi persona ad esso associata sar\u00e0 responsabile per danni di qualsiasi tipo, in base a qualsiasi teoria legale, derivanti da o in connessione con l&#8217;uso, o l&#8217;impossibilit\u00e0 di usare, l&#8217;e-tool, qualsiasi sito web ad esso collegato, qualsiasi contenuto o servizio ottenuto attraverso l&#8217;e-tool, compresi i danni diretti, indiretti, speciali, incidentali, danni consequenziali o punitivi, inclusi, a titolo esemplificativo e non esaustivo, lesioni personali, dolore e sofferenza, stress emotivo, perdita di entrate, perdita di profitti, perdita di affari o di risparmi previsti, perdita di utilizzo, perdita di avviamento, perdita di dati, e se causati da illecito (inclusa la negligenza), violazione del contratto o altro, anche se prevedibili.<\/span><\/p>\n<p><span style=\"font-weight: 400;\">Quanto sopra non influisce su eventuali responsabilit\u00e0 che non possono essere escluse o limitate ai sensi della legge applicabile.<\/span><\/p>\n<\/div><div class=\"fusion-title title fusion-title-6 fusion-sep-none fusion-title-text fusion-title-size-three\"><h3 class=\"fusion-title-heading title-heading-left\" style=\"margin:0;\">Utilizzo dei cookie<\/h3><\/div><div class=\"fusion-text fusion-text-4\"><p><span style=\"font-weight: 400;\">Questo e-tool non utilizza cookie di profilazione, ma solo cookie tecnici e di analisi, propri e di terze parti (come Matomo Analytics). \u00c8 possibile limitare o disabilitare i cookie sul browser Internet del computer. Tuttavia, alcune funzionalit\u00e0 web potrebbero diventare inattive e non accessibili.<\/span><\/p>\n<p><span style=\"font-weight: 400;\">Utilizziamo i cookie per aiutarvi a navigare in modo efficiente e a svolgere determinate funzioni. Di seguito troverete informazioni dettagliate su tutti i cookie per ogni categoria di consenso.<\/span><\/p>\n<p><span style=\"font-weight: 400;\">I cookie classificati come &#8220;Necessari&#8221; vengono memorizzati sul browser dell&#8217;utente in quanto essenziali per abilitare le funzionalit\u00e0 di base del sito.<\/span><\/p>\n<p><span style=\"font-weight: 400;\">Utilizziamo anche cookie di terze parti che ci aiutano ad analizzare l&#8217;utilizzo di questo e-tool, a memorizzare le vostre preferenze e a fornirvi i contenuti e gli annunci pubblicitari pi\u00f9 rilevanti per voi. Questi cookie vengono memorizzati nel browser solo previo consenso dell&#8217;utente.<br \/>\n<\/span><span style=\"font-weight: 400;\">L&#8217;utente pu\u00f2 scegliere di abilitare o disabilitare alcuni o tutti questi cookie, ma la disabilitazione di alcuni di essi potrebbe compromettere la sua esperienza di navigazione.<\/span><\/p>\n<\/div>\n<div class=\"table-1\" style=\"--awb-margin-bottom:2%;\">\n<table width=\"100%\">\n<thead>\n<tr>\n<th align=\"left\"><strong>Dominio<\/strong><\/th>\n<th align=\"left\"><strong>Cookie<\/strong><\/th>\n<th align=\"left\"><strong>Nome<\/strong><\/th>\n<th align=\"left\"><strong>Scopo<\/strong><\/th>\n<\/tr>\n<\/thead>\n<tbody>\n<tr>\n<td align=\"left\">tool.e-active.eu<\/td>\n<td align=\"left\">eActive tool<\/td>\n<td align=\"left\">_icl_current_language<\/td>\n<td align=\"left\"><span style=\"font-weight: 400;\">Consente di salvare le impostazioni della lingua.<\/span><\/td>\n<\/tr>\n<tr>\n<td align=\"left\">tool.e-active.eu<\/td>\n<td align=\"left\">eActive tool<\/td>\n<td align=\"left\">w3tc_logged_out<\/td>\n<td align=\"left\"><span style=\"font-weight: 400;\">Contiene informazioni sulla sessione.<\/span><\/td>\n<\/tr>\n<tr>\n<td align=\"left\">tool.e-active.eu<\/td>\n<td align=\"left\">CookiesYes<\/td>\n<td align=\"left\">cookieyes-consent<\/td>\n<td align=\"left\"><span style=\"font-weight: 400;\">CookieYes imposta questo cookie per ricordare le preferenze di consenso degli utenti, in modo da rispettarle nelle visite successive a questo sito. Non raccoglie n\u00e9 memorizza alcuna informazione personale sui visitatori del sito.<\/span><\/td>\n<\/tr>\n<tr>\n<td align=\"left\">tool.e-active.eu<\/td>\n<td align=\"left\">Matomo Analytics<\/td>\n<td align=\"left\">_pk_id.*<\/td>\n<td align=\"left\"><span style=\"font-weight: 400;\">Matomo imposta questo cookie per memorizzare un ID utente univoco.<\/span><\/td>\n<\/tr>\n<tr>\n<td align=\"left\">tool.e-active.eu<\/td>\n<td align=\"left\">Matomo Analytics<\/td>\n<td align=\"left\">_pk_ses.*<\/td>\n<td align=\"left\"><span style=\"font-weight: 400;\">Matomo imposta questo cookie per memorizzare un ID di sessione unico per raccogliere informazioni sull&#8217;utilizzo del sito web da parte degli utenti.<\/span><\/td>\n<\/tr>\n<\/tbody>\n<\/table>\n<\/div>\n<div class=\"fusion-title title fusion-title-7 fusion-sep-none fusion-title-text fusion-title-size-three\"><h3 class=\"fusion-title-heading title-heading-left\" style=\"margin:0;\">Contenuto<\/h3><\/div><div class=\"fusion-text fusion-text-5\"><p><span style=\"font-weight: 400;\">L&#8217;eActive tool si sforza di offrire contenuti accurati e aggiornati. Tuttavia, siamo lieti di ricevere feedback che ci permettano di correggere eventuali errori (inviare il feedback a <\/span><a href=\"mailto:info@tool.e-active.eu\"><span style=\"color: var(--awb-text-color); font-family: var(--awb-text-font-family); font-size: var(--awb-font-size); font-style: var(--awb-text-font-style); font-weight: var(--awb-text-font-weight); letter-spacing: var(--awb-letter-spacing); text-align: var(--awb-content-alignment); text-transform: var(--awb-text-transform); background-color: var(--awb-bg-color-hover);\">info@tool.e-active.eu<\/span><\/a><span style=\"color: var(--awb-text-color); font-family: var(--awb-text-font-family); font-size: var(--awb-font-size); font-style: var(--awb-text-font-style); letter-spacing: var(--awb-letter-spacing); text-align: var(--awb-content-alignment); text-transform: var(--awb-text-transform); background-color: var(--awb-bg-color-hover);\">).<\/span><\/p>\n<\/div><div class=\"fusion-title title fusion-title-8 fusion-sep-none fusion-title-text fusion-title-size-three\"><h3 class=\"fusion-title-heading title-heading-left\" style=\"margin:0;\">Links<\/h3><\/div><div class=\"fusion-text fusion-text-6\"><p><span style=\"font-weight: 400;\">L&#8217;eActive tool non \u00e8 responsabile del contenuto o dell&#8217;affidabilit\u00e0 dei siti web collegati e non approva necessariamente le opinioni espresse al loro interno. L&#8217;inserimento dei link non deve essere considerato come un&#8217;approvazione di alcun tipo. Non possiamo garantire che questi link funzionino sempre e non abbiamo alcun controllo sulla disponibilit\u00e0 delle pagine collegate.<\/span><\/p>\n<\/div><div class=\"fusion-title title fusion-title-9 fusion-sep-none fusion-title-text fusion-title-size-three\"><h3 class=\"fusion-title-heading title-heading-left\" style=\"margin:0;\">Copyright<\/h3><\/div><div class=\"fusion-text fusion-text-7\"><p><span style=\"font-weight: 400;\">Ai singoli documenti di questo e-tool si applicano diverse restrizioni di copyright. Tutti gli output intellettuali (materiali) di eActive prodotti dal progetto sono conformi all&#8217;accordo di sovvenzione, in base al quale i materiali devono essere resi disponibili gratuitamente e con licenze aperte. Tutti questi materiali saranno disponibili sul progetto nella piattaforma dei risultati del progetto Erasmus+ (<\/span><a href=\"http:\/\/ec.europa.eu\/programmes\/erasmusplus\/projects\/\"><span style=\"font-weight: 400;\">http:\/\/ec.europa.eu\/programmes\/erasmusplus\/projects\/<\/span><\/a><span style=\"font-weight: 400;\">), in conformit\u00e0 con l&#8217;approvazione della relazione finale.<\/span><\/p>\n<\/div><\/div><\/div><\/div><\/div>\n","protected":false},"excerpt":{"rendered":"","protected":false},"author":1,"featured_media":0,"parent":0,"menu_order":0,"comment_status":"closed","ping_status":"closed","template":"100-width.php","meta":{"footnotes":""},"class_list":["post-788","page","type-page","status-publish","hentry"],"_links":{"self":[{"href":"https:\/\/tool.e-active.eu\/it\/wp-json\/wp\/v2\/pages\/788","targetHints":{"allow":["GET"]}}],"collection":[{"href":"https:\/\/tool.e-active.eu\/it\/wp-json\/wp\/v2\/pages"}],"about":[{"href":"https:\/\/tool.e-active.eu\/it\/wp-json\/wp\/v2\/types\/page"}],"author":[{"embeddable":true,"href":"https:\/\/tool.e-active.eu\/it\/wp-json\/wp\/v2\/users\/1"}],"replies":[{"embeddable":true,"href":"https:\/\/tool.e-active.eu\/it\/wp-json\/wp\/v2\/comments?post=788"}],"version-history":[{"count":1,"href":"https:\/\/tool.e-active.eu\/it\/wp-json\/wp\/v2\/pages\/788\/revisions"}],"predecessor-version":[{"id":789,"href":"https:\/\/tool.e-active.eu\/it\/wp-json\/wp\/v2\/pages\/788\/revisions\/789"}],"wp:attachment":[{"href":"https:\/\/tool.e-active.eu\/it\/wp-json\/wp\/v2\/media?parent=788"}],"curies":[{"name":"wp","href":"https:\/\/api.w.org\/{rel}","templated":true}]}}