{"id":623,"date":"2023-08-02T06:49:35","date_gmt":"2023-08-02T04:49:35","guid":{"rendered":"https:\/\/tool.e-active.eu\/privacy-policy\/"},"modified":"2023-09-15T14:48:41","modified_gmt":"2023-09-15T12:48:41","slug":"privacy-policy","status":"publish","type":"page","link":"https:\/\/tool.e-active.eu\/es\/privacy-policy\/","title":{"rendered":"Pol\u00edtica de privacidad"},"content":{"rendered":"<div class=\"fusion-fullwidth fullwidth-box fusion-builder-row-1 fusion-flex-container has-pattern-background has-mask-background nonhundred-percent-fullwidth non-hundred-percent-height-scrolling\" style=\"--link_hover_color: var(--awb-custom_color_1);--link_color: var(--awb-color5);--awb-border-radius-top-left:0px;--awb-border-radius-top-right:0px;--awb-border-radius-bottom-right:0px;--awb-border-radius-bottom-left:0px;--awb-padding-top:3vw;--awb-padding-bottom:3vw;--awb-flex-wrap:wrap;\" ><div class=\"fusion-builder-row fusion-row fusion-flex-align-items-flex-start fusion-flex-content-wrap\" style=\"max-width:1248px;margin-left: calc(-4% \/ 2 );margin-right: calc(-4% \/ 2 );\"><div class=\"fusion-layout-column fusion_builder_column fusion-builder-column-0 fusion_builder_column_1_1 1_1 fusion-flex-column\" style=\"--awb-bg-size:cover;--awb-width-large:100%;--awb-margin-top-large:0px;--awb-spacing-right-large:1.92%;--awb-margin-bottom-large:20px;--awb-spacing-left-large:1.92%;--awb-width-medium:100%;--awb-order-medium:0;--awb-spacing-right-medium:1.92%;--awb-spacing-left-medium:1.92%;--awb-width-small:100%;--awb-order-small:0;--awb-spacing-right-small:1.92%;--awb-spacing-left-small:1.92%;\"><div class=\"fusion-column-wrapper fusion-column-has-shadow fusion-flex-justify-content-flex-start fusion-content-layout-column\"><div class=\"fusion-title title fusion-title-1 fusion-sep-none fusion-title-text fusion-title-size-one\" style=\"--awb-text-color:var(--awb-color5);\"><h1 class=\"fusion-title-heading title-heading-left\" style=\"margin:0;\">Pol\u00edtica de privacidad<\/h1><\/div><div class=\"fusion-title title fusion-title-2 fusion-sep-none fusion-title-text fusion-title-size-three\"><h3 class=\"fusion-title-heading title-heading-left\" style=\"margin:0;\">Descargo de responsabilidad<\/h3><\/div><div class=\"fusion-title title fusion-title-3 fusion-sep-none fusion-title-text fusion-title-size-four\"><h4 class=\"fusion-title-heading title-heading-left\" style=\"margin:0;\">Descargo de responsabilidad de la Comisi\u00f3n Europea<\/h4><\/div><div class=\"fusion-text fusion-text-1\"><p><span style=\"font-weight: 400;\">El apoyo de la Comisi\u00f3n Europea a la producci\u00f3n de esta herramienta electr\u00f3nica no constituye una aprobaci\u00f3n de su contenido, que refleja \u00fanicamente las opiniones de los autores, y la Comisi\u00f3n no se hace responsable del uso que pueda hacerse de la informaci\u00f3n contenida en ella. <\/span><\/p>\n<\/div><div class=\"fusion-title title fusion-title-4 fusion-sep-none fusion-title-text fusion-title-size-four\"><h4 class=\"fusion-title-heading title-heading-left\" style=\"margin:0;\">Descargo de responsabilidad del consorcio<\/h4><\/div><div class=\"fusion-text fusion-text-2\"><p><span style=\"font-weight: 400;\">El uso que usted haga de la herramienta electr\u00f3nica, de su contenido y de cualquier servicio o art\u00edculo obtenido a trav\u00e9s de la herramienta electr\u00f3nica corre por su cuenta y riesgo. La e-herramienta, su contenido y cualquier servicio o elemento obtenido a trav\u00e9s de la e-herramienta se proporcionan \u00abtal cual\u00bb y \u00abseg\u00fan disponibilidad\u00bb, sin garant\u00edas de ning\u00fan tipo, ni expresas ni impl\u00edcitas. Ni el consorcio ni ninguna persona asociada con el consorcio ofrece garant\u00eda alguna con respecto a la integridad, seguridad, fiabilidad, calidad, exactitud o disponibilidad de la herramienta electr\u00f3nica. Sin perjuicio de lo anterior, ni el consorcio ni ninguna persona asociada a \u00e9l garantizan que <\/span><i><span style=\"font-weight: 400;\">(i) la e-tool<\/span><\/i><span style=\"font-weight: 400;\">, su contenido o sus servicios sean precisos, fiables, est\u00e9n libres de errores o se interrumpan; <\/span><i><span style=\"font-weight: 400;\">(ii) <\/span><\/i><span style=\"font-weight: 400;\">se corrijan los defectos; <\/span><i><span style=\"font-weight: 400;\">(iii) <\/span><\/i><span style=\"font-weight: 400;\">nuestro sitio o el servidor que lo pone a disposici\u00f3n est\u00e9n libres de virus u otros componentes da\u00f1inos; <\/span><i><span style=\"font-weight: 400;\">(iv)<\/span><\/i><span style=\"font-weight: 400;\">la e-tool o cualquier servicio o art\u00edculo obtenido a trav\u00e9s de la e-tool satisfaga sus necesidades o expectativas.<\/span><\/p>\n<p><span style=\"font-weight: 400;\">Por la presente, el consorcio renuncia a cualquier garant\u00eda de cualquier tipo, ya sea expresa o impl\u00edcita, legal o de otro tipo, incluidas, entre otras, las garant\u00edas de comerciabilidad, no infracci\u00f3n e idoneidad para un fin determinado.<\/span><\/p>\n<p><span style=\"font-weight: 400;\">Lo anterior no afecta a las garant\u00edas que no puedan excluirse o limitarse en virtud de la legislaci\u00f3n aplicable.<\/span><\/p>\n<\/div><div class=\"fusion-title title fusion-title-5 fusion-sep-none fusion-title-text fusion-title-size-three\"><h3 class=\"fusion-title-heading title-heading-left\" style=\"margin:0;\">Limitaci\u00f3n de responsabilidad<\/h3><\/div><div class=\"fusion-text fusion-text-3\"><p><span style=\"font-weight: 400;\">En ning\u00fan caso el consorcio ni ninguna persona asociada a \u00e9l ser\u00e1 responsable por da\u00f1os de ning\u00fan tipo, bajo ninguna teor\u00eda legal, que surjan de o en conexi\u00f3n con el uso, o la imposibilidad de uso, de la herramienta electr\u00f3nica, cualquier sitio web vinculado a ella, cualquier contenido o servicios obtenidos a trav\u00e9s de la herramienta electr\u00f3nica, incluyendo cualquier da\u00f1o directo, indirecto, especial, incidental, da\u00f1os consecuenciales o punitivos, incluidos, entre otros, da\u00f1os personales, dolor y sufrimiento, angustia emocional, p\u00e9rdida de ingresos, p\u00e9rdida de beneficios, p\u00e9rdida de negocio o ahorros previstos, p\u00e9rdida de uso, p\u00e9rdida de fondo de comercio, p\u00e9rdida de datos, ya sean causados por agravio (incluida negligencia), incumplimiento de contrato o de otro modo, incluso si son previsibles.<\/span><\/p>\n<p><span style=\"font-weight: 400;\">Lo anterior no afecta a ninguna responsabilidad que no pueda excluirse o limitarse en virtud de la legislaci\u00f3n aplicable.<\/span><\/p>\n<\/div><div class=\"fusion-title title fusion-title-6 fusion-sep-none fusion-title-text fusion-title-size-three\"><h3 class=\"fusion-title-heading title-heading-left\" style=\"margin:0;\">Uso de cookies<\/h3><\/div><div class=\"fusion-text fusion-text-4\"><p><span style=\"font-weight: 400;\">Esta herramienta electr\u00f3nica no utiliza cookies de elaboraci\u00f3n de perfiles, sino \u00fanicamente cookies t\u00e9cnicas y anal\u00edticas, propias y de terceros (como Matomo Analytics). Es posible limitar o desactivar las cookies en el navegador de Internet de su ordenador. Sin embargo, algunas funcionalidades de la web pueden quedar inactivas y no ser accesibles.<\/span><\/p>\n<p><span style=\"font-weight: 400;\">Utilizamos cookies para ayudarle a navegar de forma eficiente y realizar determinadas funciones. A continuaci\u00f3n, encontrar\u00e1 informaci\u00f3n detallada sobre todas las cookies en cada categor\u00eda de consentimiento.<\/span><\/p>\n<p><span style=\"font-weight: 400;\">Las cookies categorizadas como \u00abNecesarias\u00bb se almacenan en su navegador ya que son esenciales para permitir las funcionalidades b\u00e1sicas del sitio.<\/span><\/p>\n<p><span style=\"font-weight: 400;\">Tambi\u00e9n utilizamos cookies de terceros que nos ayudan a analizar c\u00f3mo utiliza esta herramienta electr\u00f3nica, almacenar sus preferencias y proporcionarle el contenido y los anuncios que sean relevantes para usted. Estas cookies solo se almacenar\u00e1n en su navegador con su consentimiento previo.<\/span><\/p>\n<p><span style=\"font-weight: 400;\">Puede optar por activar o desactivar algunas o todas estas cookies, pero la desactivaci\u00f3n de algunas de ellas puede afectar a su experiencia de navegaci\u00f3n.<\/span><\/p>\n<\/div>\n<div class=\"table-1\" style=\"--awb-margin-bottom:2%;\">\n<table width=\"100%\">\n<thead>\n<tr>\n<th align=\"left\"><b>Dominio<\/b><\/th>\n<th align=\"left\"><strong>Cookie<\/strong><\/th>\n<th align=\"left\"><b>Nombre<\/b><\/th>\n<th align=\"left\"><b>Prop\u00f3sito<\/b><\/th>\n<\/tr>\n<\/thead>\n<tbody>\n<tr>\n<td align=\"left\">tool.e-active.eu<\/td>\n<td align=\"left\">eActive tool<\/td>\n<td align=\"left\">_icl_current_language<\/td>\n<td align=\"left\"><span style=\"font-weight: 400;\">Permite guardar los ajustes de idioma.<\/span><\/td>\n<\/tr>\n<tr>\n<td align=\"left\">tool.e-active.eu<\/td>\n<td align=\"left\">eActive tool<\/td>\n<td align=\"left\">w3tc_logged_out<\/td>\n<td align=\"left\"><span style=\"font-weight: 400;\">Contiene informaci\u00f3n sobre la sesi\u00f3n.<\/span><\/td>\n<\/tr>\n<tr>\n<td align=\"left\">tool.e-active.eu<\/td>\n<td align=\"left\">CookiesYes<\/td>\n<td align=\"left\">cookieyes-consent<\/td>\n<td align=\"left\"><span style=\"font-weight: 400;\">CookieYes establece esta cookie para recordar las preferencias de consentimiento de los usuarios, de modo que se respeten sus preferencias en visitas posteriores a este sitio. No recoge ni almacena ninguna informaci\u00f3n personal sobre los visitantes del sitio.<\/span><\/td>\n<\/tr>\n<tr>\n<td align=\"left\">tool.e-active.eu<\/td>\n<td align=\"left\">Matomo Analytics<\/td>\n<td align=\"left\">_pk_id.*<\/td>\n<td align=\"left\"><span style=\"font-weight: 400;\">Matomo establece esta cookie para almacenar un ID de usuario \u00fanico.<\/span><\/td>\n<\/tr>\n<tr>\n<td align=\"left\">tool.e-active.eu<\/td>\n<td align=\"left\">Matomo Analytics<\/td>\n<td align=\"left\">_pk_ses.*<\/td>\n<td align=\"left\"><span style=\"font-weight: 400;\">Matomo utiliza esta cookie para almacenar un identificador de sesi\u00f3n \u00fanico con el fin de recopilar informaci\u00f3n sobre el uso que hacen los usuarios del sitio web.<\/span><\/td>\n<\/tr>\n<\/tbody>\n<\/table>\n<\/div>\n<div class=\"fusion-title title fusion-title-7 fusion-sep-none fusion-title-text fusion-title-size-three\"><h3 class=\"fusion-title-heading title-heading-left\" style=\"margin:0;\">Contenido<\/h3><\/div><div class=\"fusion-text fusion-text-5\"><p><span style=\"font-weight: 400;\">La herramienta eActive se esfuerza por ofrecer contenidos precisos y actualizados. No obstante, agradecemos cualquier comentario que nos permita corregir posibles errores (env\u00ede sus comentarios a <\/span><a href=\"mailto:info@tool.e-active.eu\"><span style=\"color: var(--awb-text-color); font-family: var(--awb-text-font-family); font-size: var(--awb-font-size); font-style: var(--awb-text-font-style); font-weight: var(--awb-text-font-weight); letter-spacing: var(--awb-letter-spacing); text-align: var(--awb-content-alignment); text-transform: var(--awb-text-transform); background-color: var(--awb-bg-color-hover);\">info@tool.e-active.eu<\/span><\/a><span style=\"color: var(--awb-text-color); font-family: var(--awb-text-font-family); font-size: var(--awb-font-size); font-style: var(--awb-text-font-style); letter-spacing: var(--awb-letter-spacing); text-align: var(--awb-content-alignment); text-transform: var(--awb-text-transform); background-color: var(--awb-bg-color-hover);\">).<\/span><\/p>\n<\/div><div class=\"fusion-title title fusion-title-8 fusion-sep-none fusion-title-text fusion-title-size-three\"><h3 class=\"fusion-title-heading title-heading-left\" style=\"margin:0;\">Enlaces<\/h3><\/div><div class=\"fusion-text fusion-text-6\"><p><span style=\"font-weight: 400;\">La herramienta eActive no se responsabiliza del contenido ni de la fiabilidad de los sitios web enlazados y no respalda necesariamente las opiniones expresadas en ellos. La inclusi\u00f3n en los enlaces no debe interpretarse como aprobaci\u00f3n de ning\u00fan tipo. No podemos garantizar que estos enlaces funcionen siempre y no tenemos ning\u00fan control sobre la disponibilidad de las p\u00e1ginas enlazadas.<\/span><\/p>\n<\/div><div class=\"fusion-title title fusion-title-9 fusion-sep-none fusion-title-text fusion-title-size-three\"><h3 class=\"fusion-title-heading title-heading-left\" style=\"margin:0;\">Copyright<\/h3><\/div><div class=\"fusion-text fusion-text-7\"><p><span style=\"font-weight: 400;\">Los documentos individuales de esta herramienta electr\u00f3nica est\u00e1n sujetos a diferentes restricciones de derechos de autor. Todos los resultados intelectuales (materiales) de eActive producidos por el proyecto se ajustan al acuerdo de subvenci\u00f3n, seg\u00fan el cual los materiales deben estar disponibles gratuitamente y bajo licencias abiertas. Todos estos materiales estar\u00e1n disponibles en el Proyecto, en la Plataforma de Resultados del Proyecto Erasmus (<\/span><a href=\"http:\/\/ec.europa.eu\/programmes\/erasmusplus\/projects\/\"><span style=\"font-weight: 400;\">http:\/\/ec.europa.eu\/programmes\/erasmusplus\/projects\/<\/span><\/a><span style=\"font-weight: 400;\">), <\/span><span style=\"font-weight: 400;\">de acuerdo con la aprobaci\u00f3n del informe final.<\/span><\/p>\n<\/div><\/div><\/div><\/div><\/div>\n","protected":false},"excerpt":{"rendered":"","protected":false},"author":1,"featured_media":0,"parent":0,"menu_order":0,"comment_status":"closed","ping_status":"closed","template":"100-width.php","meta":{"footnotes":""},"class_list":["post-623","page","type-page","status-publish","hentry"],"_links":{"self":[{"href":"https:\/\/tool.e-active.eu\/es\/wp-json\/wp\/v2\/pages\/623","targetHints":{"allow":["GET"]}}],"collection":[{"href":"https:\/\/tool.e-active.eu\/es\/wp-json\/wp\/v2\/pages"}],"about":[{"href":"https:\/\/tool.e-active.eu\/es\/wp-json\/wp\/v2\/types\/page"}],"author":[{"embeddable":true,"href":"https:\/\/tool.e-active.eu\/es\/wp-json\/wp\/v2\/users\/1"}],"replies":[{"embeddable":true,"href":"https:\/\/tool.e-active.eu\/es\/wp-json\/wp\/v2\/comments?post=623"}],"version-history":[{"count":3,"href":"https:\/\/tool.e-active.eu\/es\/wp-json\/wp\/v2\/pages\/623\/revisions"}],"predecessor-version":[{"id":626,"href":"https:\/\/tool.e-active.eu\/es\/wp-json\/wp\/v2\/pages\/623\/revisions\/626"}],"wp:attachment":[{"href":"https:\/\/tool.e-active.eu\/es\/wp-json\/wp\/v2\/media?parent=623"}],"curies":[{"name":"wp","href":"https:\/\/api.w.org\/{rel}","templated":true}]}}